{"id":83,"date":"2022-03-27T21:46:01","date_gmt":"2022-03-27T19:46:01","guid":{"rendered":"https:\/\/www.casa-aventura.ch\/_wp-new\/?page_id=83"},"modified":"2022-08-14T21:37:49","modified_gmt":"2022-08-14T19:37:49","slug":"datenschutzerklaerung-2","status":"publish","type":"page","link":"https:\/\/www.casa-aventura.ch\/_wp-new\/datenschutzerklaerung-2\/","title":{"rendered":"Datenschutzerkl\u00e4rung"},"content":{"rendered":"\n<p>Das spanische Chalet &#171;Casa Aventura&#187; wird via dieser Webseite <a href=\"https:\/\/www.casa-aventura.ch\" data-type=\"URL\" data-id=\"https:\/\/www.casa-aventura.ch\">https:\/\/www.casa-aventura.ch<\/a> vermietet. Hinter der Vermietung steht keine Firma sonderen eine private Person.<\/p>\n\n\n\n<p>Wir volgen den gesetzlichen Bestimmungen des Bundesgesetzes \u00fcber den Datenschutz (DSG), der Verordnung zum Bundesgesetz \u00fcber den Datenschutz (VDSG), des Fernmeldegesetzes (FMG) und andere gegebenenfalls anwendbare datenschutzrechtliche Bestimmungen des schweizerischen oder EU-Rechts, insbesondere die Datenschutzgrundverordnung (DSGVO). Damit Sie wissen, welche personenbezogenen Daten wir von Ihnen erheben und f\u00fcr welche Zwecke wir sie verwenden, nehmen Sie bitte die nachstehenden Informationen zur Kenntnis.  <\/p>\n\n\n\n<h2 class=\"wp-block-heading\">Aufruf der Webseite<\/h2>\n\n\n\n<p>Beim Aufruf der Webseite werden folgende personen Bezognenen Informationen auf den Webservern verarbeitet.<\/p>\n\n\n\n<ul class=\"wp-block-list\"><li>IP-Adresse<\/li><li>Datum Uhrzeit des Zugriffs<\/li><li>Name und URL der aufgerufenen Datei<\/li><li>User-Agent-String (Browser identifizierung)<\/li><\/ul>\n\n\n\n<p>Diese Daten dienen auschliesslich dem Zweck die Nutzung der Webseite zu erm\u00f6glichen. Die Zugriffsinformationen werden zus\u00e4tzlich tempor\u00e4r auf den Webserver gelogt.<\/p>\n\n\n\n<h2 class=\"wp-block-heading\">Verwendung des Kontaktformulares<\/h2>\n\n\n\n<p>Beim verwenden des Kontaktformulares ben\u00f6tigen wir folgende Informationen<\/p>\n\n\n\n<ul class=\"wp-block-list\"><li>Vor- und Nachname<\/li><li>E-Mail<\/li><li>Mitteilung \/ Nachricht<\/li><\/ul>\n\n\n\n<p>Diese Daten werden auschliesslich dazu Verwendet um Ihre Anfrage zu Beantworten.<\/p>\n\n\n\n<h2 class=\"wp-block-heading\">Reservation<\/h2>\n\n\n\n<p>F\u00fcr die Reservation werden zwingend folgende Informationen ben\u00f6tigt<\/p>\n\n\n\n<ul class=\"wp-block-list\"><li>Vor- und Nachname<\/li><li>Komplette Addresse<\/li><li>Telefonnummer<\/li><li>E-Mail<\/li><li>Mitteilung<\/li><li>Datum der Reservation<\/li><\/ul>\n\n\n\n<p>Die Daten dienen auschliesslich zur Bearbeitung und ihrer Reservation und werden f\u00fcr die Abwicklung des Mietvertrages (inkl Zahlungsvereinbarung) sowie Kontaktaufnahme zur Best\u00e4tigung oder Absage der Reservation verwendet.<\/p>\n\n\n\n<p>Die Informationen werden auf dem System jeweils zur Buchung hinterlegt und gespeichert.<\/p>\n\n\n\n<h2 class=\"wp-block-heading\">Cookies<\/h2>\n\n\n\n<p>Wir verwenden Cookies und \u00e4hnliche Technologien auf unserer Website und verarbeiten personenbezogene Daten von dir (z.B. IP-Adresse), um z.B. Inhalte und Anzeigen zu personalisieren, Medien von Drittanbietern einzubinden oder Zugriffe auf unsere Website zu analysieren. Die Datenverarbeitung kann auch erst in Folge gesetzter Cookies stattfinden.<\/p>\n\n\n\n<p>Falls nicht alle Cookies aktzeptiert werden, sind nicht alle Funktionen dieser Webseite nutzbar.<br>Folgnede Services\/Funktionen ben\u00f6tigen Cookies.<\/p>\n\n\n\n<h3 class=\"wp-block-heading\">Google reCAPTCH<\/h3>\n\n\n\n<p><strong>Zweck:&nbsp;<\/strong>Google reCAPTCHA ist eine L\u00f6sung zur Erkennung von Bots, z.B. bei der Eingabe von Daten in Online-Formulare, und zur Verhinderung von Spam. Die Cookies dienen dazu den Nutzer innerhalb der Google bekannten Daten \u00fcber den Nutzer zu identifizieren und die B\u00f6sartigkeit des Nutzers zu klassifizieren.Diese gesammelten Daten k\u00f6nnen mit Daten von Nutzern verkn\u00fcpft werden, die sich bei ihren Google-Konten auf google.com oder einer lokalisierten Version von Google angemeldet haben.<\/p>\n\n\n\n<p><strong>Verwendung auf gesetzlicher Grundlage von:&nbsp;<\/strong>Einwilligung<\/p>\n\n\n\n<p><strong>Anbieter:&nbsp;<\/strong>Google Ireland Limited<\/p>\n\n\n\n<p><strong>Datenschutzerkl\u00e4rung:&nbsp;<\/strong><a href=\"https:\/\/policies.google.com\/privacy\" target=\"_blank\" rel=\"noreferrer noopener\">https:\/\/policies.google.com\/privacy<\/a><\/p>\n\n\n\n<p>Ohne die Zustimmung zu reCAPTCHA funktioniert das Kontaktformular sowie die Reservation m\u00f6glicherweise nicht.<\/p>\n\n\n\n<h3 class=\"wp-block-heading\">Google Maps<\/h3>\n\n\n\n<p><strong>Zweck:&nbsp;<\/strong>Google Maps zeigt Karten auf der Website als Iframe oder \u00fcber JavaScript direkt eingebettet als Teil der Website an. Auf dem Client-Ger\u00e4t des Nutzers werden keine Cookies im technischen Sinne gesetzt, aber es werden technische und pers\u00f6nliche Daten wie z.B. die IP-Adresse vom Client an den Server des Diensteanbieters \u00fcbertragen, um die Nutzung des Dienstes zu erm\u00f6glichen.<\/p>\n\n\n\n<p><strong>Verwendung auf gesetzlicher Grundlage von:&nbsp;<\/strong>Einwilligung<\/p>\n\n\n\n<p><strong>Anbieter:&nbsp;<\/strong>Google Ireland Limited<\/p>\n\n\n\n<p><strong>Datenschutzerkl\u00e4rung:&nbsp;<\/strong><a href=\"https:\/\/policies.google.com\/privacy\" target=\"_blank\" rel=\"noreferrer noopener\">https:\/\/policies.google.com\/privacy<\/a><\/p>\n\n\n\n<p>Ohne die Zustimmung zu Google Maps funktioniert die Kartendarstellung der Address sowie der Attraktionen nicht..<\/p>\n\n\n\n<h3 class=\"wp-block-heading\">Font Awesome<\/h3>\n\n\n\n<p><strong>Zweck:&nbsp;<\/strong>Font Awesome ist ein Service, der benutzerdefinierte Icon-Schriften, die nicht auf dem Client-Ger\u00e4t des Nutzers installiert sind, herunterl\u00e4dt und in die Website einbettet. Auf dem Client-Ger\u00e4t des Nutzers werden keine Cookies im technischen Sinne gesetzt, aber es werden technische und pers\u00f6nliche Daten (wie z.B. die IP-Adresse) vom Client an den Server des Dienstanbieters \u00fcbertragen, um die Nutzung des Services zu erm\u00f6glichen.<\/p>\n\n\n\n<p><strong>Verwendung auf gesetzlicher Grundlage von:&nbsp;<\/strong>Einwilligung<\/p>\n\n\n\n<p><strong>Anbieter:&nbsp;<\/strong>Fonticons, Inc.<\/p>\n\n\n\n<p><strong>Datenschutzerkl\u00e4rung:&nbsp;<\/strong><a href=\"https:\/\/fontawesome.com\/privacy\" target=\"_blank\" rel=\"noreferrer noopener\">https:\/\/fontawesome.com\/privacy<\/a><\/p>\n\n\n\n<h3 class=\"wp-block-heading\">Emojies<\/h3>\n\n\n\n<p><strong>Zweck:&nbsp;<\/strong>WordPress Emoji ist ein Emoji-Set, das von wordpress.org geladen wird. Es werden keine Cookies im technischen Sinne auf dem Client des Nutzers gesetzt, jedoch werden technische und personenbezogene Daten wie die IP-Adresse vom Client an den Server des Dienstanbieters \u00fcbertragen, um die Nutzung des Dienstes zu erm\u00f6glichen.<\/p>\n\n\n\n<p><strong>Verwendung auf gesetzlicher Grundlage von:&nbsp;<\/strong>Einwilligung<\/p>\n\n\n\n<p><strong>Anbieter:&nbsp;<\/strong>WordPress.org<\/p>\n\n\n\n<p><strong>Datenschutzerkl\u00e4rung:&nbsp;<\/strong><a href=\"https:\/\/de.wordpress.org\/about\/privacy\/\" target=\"_blank\" rel=\"noreferrer noopener\">https:\/\/de.wordpress.org\/about\/privacy\/<\/a><\/p>\n\n\n\n<h3 class=\"wp-block-heading\" id=\"cookie_settings\">Privatsph\u00e4re-Einstellungen<\/h3>\n\n\n\n<p>Der Verarbeitung von Cookies k\u00f6nnen sie beim Erstaufruf oder sp\u00e4testent nach 180 Tagen erneut via Dialoge festlegen. Die Informationen k\u00f6nnen jederzeit unter folgneden Links bearbeitet oder Angesehen werden.<\/p>\n\n\n\n<p><\/p>\n\n\n<a href=\"#consent-change\" id=\"rcb-sc-link-change\" data-success-message=\"\" class=\"rcb-sc-link rcb-sc-link-change \">Privatsph\u00e4re-Einstellungen \u00e4ndern<\/a>\n\n\n\n<p> <\/p>\n\n\n<a href=\"#consent-history\" id=\"rcb-sc-link-history\" data-success-message=\"\" class=\"rcb-sc-link rcb-sc-link-history \">Historie der Privatsph\u00e4re-Einstellungen<\/a>\n\n\n\n<p> <\/p>\n\n\n<a href=\"#consent-revoke\" id=\"rcb-sc-link-revoke\" data-success-message=\"Du hast die Einwilligung erfolgreich widerrufen. Die Seite wird nun neu geladen.\" class=\"rcb-sc-link rcb-sc-link-revoke \">Einwilligungen widerrufen<\/a>\n\n\n\n<p> <\/p>\n\n\n\n<h2 class=\"wp-block-heading\">Mit wem wir Ihre Daten teilen<\/h2>\n\n\n\n<p>Ohne Zustimmung werden die personenbezognene Daten nicht weitergeben. Ausnahe es liegt eine gesetzliche Verpflichtung vor oder diese werden ben\u00f6tigt um unsere Rechte, insbesondere Anspr\u00fcche aus dem Mietvertragsverh\u00e4ltnis, druchzusetzen.<\/p>\n\n\n\n<h2 class=\"wp-block-heading\">Wie lange wir Ihre Daten speichern<\/h2>\n\n\n\n<p>Jeder Nutzer hat das recht einen Auszug der pers\u00f6nlichen Informationen zu bestellen und die l\u00f6schung dieser zu Beantragen. Die L\u00f6schung umfasst nicht Daten welche aus administrativer, rechtlicher oder sicherheitsrelevanter Notwendigkeiten aufbewahrt werden m\u00fcssen.<\/p>\n\n\n\n<h2 class=\"wp-block-heading\">Wohin wir Ihre Daten senden<\/h2>\n\n\n\n<p>Besucher-Kommentare k\u00f6nnten von einem automatisierten Dienst zur Spam-Erkennung untersucht werden.<\/p>\n","protected":false},"excerpt":{"rendered":"<p>Das spanische Chalet &#171;Casa Aventura&#187; wird via dieser Webseite https:\/\/www.casa-aventura.ch vermietet. Hinter der Vermietung steht keine Firma sonderen eine private Person. Wir volgen den gesetzlichen Bestimmungen des Bundesgesetzes \u00fcber den Datenschutz (DSG), der Verordnung zum Bundesgesetz \u00fcber den Datenschutz (VDSG), &hellip; <a href=\"https:\/\/www.casa-aventura.ch\/_wp-new\/datenschutzerklaerung-2\/\">Weiterlesen <span class=\"meta-nav\">&rarr;<\/span><\/a><\/p>\n","protected":false},"author":1,"featured_media":185,"parent":0,"menu_order":0,"comment_status":"closed","ping_status":"closed","template":"","meta":{"ngg_post_thumbnail":0,"footnotes":""},"class_list":["post-83","page","type-page","status-publish","has-post-thumbnail","hentry"],"_links":{"self":[{"href":"https:\/\/www.casa-aventura.ch\/_wp-new\/wp-json\/wp\/v2\/pages\/83","targetHints":{"allow":["GET"]}}],"collection":[{"href":"https:\/\/www.casa-aventura.ch\/_wp-new\/wp-json\/wp\/v2\/pages"}],"about":[{"href":"https:\/\/www.casa-aventura.ch\/_wp-new\/wp-json\/wp\/v2\/types\/page"}],"author":[{"embeddable":true,"href":"https:\/\/www.casa-aventura.ch\/_wp-new\/wp-json\/wp\/v2\/users\/1"}],"replies":[{"embeddable":true,"href":"https:\/\/www.casa-aventura.ch\/_wp-new\/wp-json\/wp\/v2\/comments?post=83"}],"version-history":[{"count":11,"href":"https:\/\/www.casa-aventura.ch\/_wp-new\/wp-json\/wp\/v2\/pages\/83\/revisions"}],"predecessor-version":[{"id":380,"href":"https:\/\/www.casa-aventura.ch\/_wp-new\/wp-json\/wp\/v2\/pages\/83\/revisions\/380"}],"wp:featuredmedia":[{"embeddable":true,"href":"https:\/\/www.casa-aventura.ch\/_wp-new\/wp-json\/wp\/v2\/media\/185"}],"wp:attachment":[{"href":"https:\/\/www.casa-aventura.ch\/_wp-new\/wp-json\/wp\/v2\/media?parent=83"}],"curies":[{"name":"wp","href":"https:\/\/api.w.org\/{rel}","templated":true}]}}