{"id":8,"date":"2022-03-27T17:33:28","date_gmt":"2022-03-27T15:33:28","guid":{"rendered":"https:\/\/www.casa-aventura.ch\/_wp-new\/?page_id=8"},"modified":"2022-06-12T22:27:38","modified_gmt":"2022-06-12T20:27:38","slug":"agb","status":"publish","type":"page","link":"https:\/\/www.casa-aventura.ch\/_wp-new\/agb\/","title":{"rendered":"AGB"},"content":{"rendered":"\n<ul class=\"wp-block-list\"><li>Alle Preise sind in Euro (\u20ac) ausgewiesen.<br>Preise k\u00f6nnen sich jederzeit und ohne Vorank\u00fcndigung \u00e4ndern. Bereits bezahlte Reservationen sind hiervon jedoch nicht betroffen.<\/li><li>Bezahlung erfolgt vor Anreise, eine Buchung gilt als nichtig wenn die Rechnung nicht 2 Wochen vor Mietbeginn beglichen wurde. Ausnahmen nur gegen Vereinbarung und bei Langzeitmiete.<\/li><li>Bezahlung nur mittels Bank\u00fcberweisung. Der Zahlungseingang gilt als Reservationsbest\u00e4tigung.<\/li><li>Das Haus kann ab 14:00 bezogen werden und muss bis 12:00 verlassen werden.<\/li><li>Haustiere sind nur mit Absprache&nbsp;erlaubt<\/li><li>Kann der Mieter die vereinbarten Ferien nicht antreten, so hat er dies dem Vermieter m\u00f6glichst fr\u00fchzeitig zu melden. Er bleibt aber f\u00fcr den Mietzins haftbar, sofern nicht eine anderweitige Vermietung w\u00e4hrend der vorgesehenen Mietdauer m\u00f6glich ist. Wird die vereinbarte Mietdauer nicht voll eingehalten, so ist gleichwohl der ganze Mietzins f\u00fcr die vereinbarte Dauer zu entrichten. Hinsichtlich fr\u00fcherer Aufhebung des Vertrages gelten die Bestimmungen des Schweizerischen Obligationenrechts.<\/li><li>Beanstandungen betreffend dem Mietobjekt hat der Mieter bei der \u00dcbernahme desselben anzubringen, andernfalls wird angenommen, dass sich die Lokalit\u00e4ten samt Inventar in verabredetem, vertragsm\u00e4ssigem, gutem Zustand befunden haben.<\/li><li>Der Mieter verpflichtet sich, die von Ihm&nbsp;gemieteten R\u00e4umlichkeiten samt Inventar vor Schaden zu bewahren und am Schluss der Mietzeit mit allen Schl\u00fcsseln und Zubeh\u00f6r laut Inventar wieder abzutreten. Besch\u00e4digte oder unbrauchbare Gegenst\u00e4nde m\u00fcssen in der Weise ersetzt werden, dass dem Vermieter daraus kein Nachteil erw\u00e4chst.<\/li><li>Der Mieter verpflichtet sich ferner, nichts dem Haus und dem Inventar nachteiliges vorzunehmen, auch alles Sch\u00e4dliches unverz\u00fcglich dem Vermieter zu melden und das Mietobjekt weder ganz noch teilweise in Untermiete zu geben, d.h. das Chalet darf nur von derjenigen Anzahl Personen bewohnt werden welche Vertraglich vereinbart wurden.<\/li><li>Selbstverschuldete Besch\u00e4digungen am Haus oder am Inventar sind vom Mieter zu tragen. In die Aborte und Kanalisationen d\u00fcrfen keine verstopfenden Gegenst\u00e4nde geworfen werden.<\/li><li>Wo nichts anderes im Vertrag erw\u00e4hnt gelten die Artikel 253 bis 274 des Schweizerischen Obligationenrechts.<\/li><li>F\u00fcr allf\u00e4llige Streitbarkeiten gilt der Gerichtsstand des Zivilkreisgericht Basel-Landschaft Ost in 4450 Sissach, Schweiz.<\/li><\/ul>\n\n\n\n<p>August 2015<\/p>\n","protected":false},"excerpt":{"rendered":"<p>Alle Preise sind in Euro (\u20ac) ausgewiesen.Preise k\u00f6nnen sich jederzeit und ohne Vorank\u00fcndigung \u00e4ndern. Bereits bezahlte Reservationen sind hiervon jedoch nicht betroffen. Bezahlung erfolgt vor Anreise, eine Buchung gilt als nichtig wenn die Rechnung nicht 2 Wochen vor Mietbeginn beglichen &hellip; <a href=\"https:\/\/www.casa-aventura.ch\/_wp-new\/agb\/\">Weiterlesen <span class=\"meta-nav\">&rarr;<\/span><\/a><\/p>\n","protected":false},"author":1,"featured_media":182,"parent":0,"menu_order":0,"comment_status":"closed","ping_status":"closed","template":"","meta":{"ngg_post_thumbnail":0,"footnotes":""},"class_list":["post-8","page","type-page","status-publish","has-post-thumbnail","hentry"],"_links":{"self":[{"href":"https:\/\/www.casa-aventura.ch\/_wp-new\/wp-json\/wp\/v2\/pages\/8","targetHints":{"allow":["GET"]}}],"collection":[{"href":"https:\/\/www.casa-aventura.ch\/_wp-new\/wp-json\/wp\/v2\/pages"}],"about":[{"href":"https:\/\/www.casa-aventura.ch\/_wp-new\/wp-json\/wp\/v2\/types\/page"}],"author":[{"embeddable":true,"href":"https:\/\/www.casa-aventura.ch\/_wp-new\/wp-json\/wp\/v2\/users\/1"}],"replies":[{"embeddable":true,"href":"https:\/\/www.casa-aventura.ch\/_wp-new\/wp-json\/wp\/v2\/comments?post=8"}],"version-history":[{"count":3,"href":"https:\/\/www.casa-aventura.ch\/_wp-new\/wp-json\/wp\/v2\/pages\/8\/revisions"}],"predecessor-version":[{"id":181,"href":"https:\/\/www.casa-aventura.ch\/_wp-new\/wp-json\/wp\/v2\/pages\/8\/revisions\/181"}],"wp:featuredmedia":[{"embeddable":true,"href":"https:\/\/www.casa-aventura.ch\/_wp-new\/wp-json\/wp\/v2\/media\/182"}],"wp:attachment":[{"href":"https:\/\/www.casa-aventura.ch\/_wp-new\/wp-json\/wp\/v2\/media?parent=8"}],"curies":[{"name":"wp","href":"https:\/\/api.w.org\/{rel}","templated":true}]}}