{"id":21,"date":"2022-03-27T18:26:50","date_gmt":"2022-03-27T16:26:50","guid":{"rendered":"https:\/\/www.casa-aventura.ch\/_wp-new\/?page_id=21"},"modified":"2022-09-29T18:00:28","modified_gmt":"2022-09-29T16:00:28","slug":"preise","status":"publish","type":"page","link":"https:\/\/www.casa-aventura.ch\/_wp-new\/preise\/","title":{"rendered":"Preise"},"content":{"rendered":"\n<p>Die Vermietung ist in der Regel w\u00f6chentlich. Abweichungen sind jedoch m\u00f6glich.<\/p>\n\n\n\n<figure class=\"wp-block-table\"><table><tbody><tr><td>M\u00e4rz &#8211; Mai<\/td><td>\u20ac&nbsp; &nbsp;950.00<\/td><\/tr><tr><td>Juni &#8211; August<\/td><td>\u20ac 1&#8217;100.00<\/td><\/tr><tr><td>September &#8211; November<\/td><td>\u20ac 1&#8217;000.00<\/td><\/tr><tr><td>Restliche Daten<\/td><td>Auf Anfrage<\/td><\/tr><\/tbody><\/table><\/figure>\n\n\n\n<p>Die angegebenen Preise gelten als Richtwerte f\u00fcr eine Woche und beinhalten:<\/p>\n\n\n\n<ul class=\"wp-block-list\"><li>Frottierw\u00e4sche<\/li><li>Strandt\u00fccher<\/li><li>Bettw\u00e4sche<\/li><li>Geschirrt\u00fccher<\/li><li>Strom, ausser bei Langzeitmiete wird die Stromrechnung zus\u00e4tzlich abgerechnet.<\/li><li>Gas, ausser bei Langzeitmiete wird die Gasrechnung zus\u00e4tzlich abgerechnet.<\/li><li>Kurtaxe (es wird keine Erhoben)<\/li><li>WLAN und Internetanschluss<\/li><\/ul>\n\n\n\n<p>Nicht inbegriffen ist die Endreinigung von \u20ac 100.00&nbsp;, die W\u00e4sche pro Person \u00e0 \u20ac 20.00, welche einmalig bei Zahlung der Miete f\u00e4llig&nbsp;ist.<\/p>\n\n\n\n<p>Eine Mietdauer von \u00fcber einem Monat ist ebenfalls m\u00f6glich, wobei hier der Preis direkt und einzeln verhandelt werden muss. Hierf\u00fcr nehmen Sie bitte direkt mit uns Kontakt auf.<\/p>\n","protected":false},"excerpt":{"rendered":"<p>Die Vermietung ist in der Regel w\u00f6chentlich. Abweichungen sind jedoch m\u00f6glich. M\u00e4rz &#8211; Mai \u20ac&nbsp; &nbsp;950.00 Juni &#8211; August \u20ac 1&#8217;100.00 September &#8211; November \u20ac 1&#8217;000.00 Restliche Daten Auf Anfrage Die angegebenen Preise gelten als Richtwerte f\u00fcr eine Woche und &hellip; <a href=\"https:\/\/www.casa-aventura.ch\/_wp-new\/preise\/\">Weiterlesen <span class=\"meta-nav\">&rarr;<\/span><\/a><\/p>\n","protected":false},"author":1,"featured_media":188,"parent":0,"menu_order":0,"comment_status":"closed","ping_status":"closed","template":"","meta":{"ngg_post_thumbnail":0,"footnotes":""},"class_list":["post-21","page","type-page","status-publish","has-post-thumbnail","hentry"],"_links":{"self":[{"href":"https:\/\/www.casa-aventura.ch\/_wp-new\/wp-json\/wp\/v2\/pages\/21","targetHints":{"allow":["GET"]}}],"collection":[{"href":"https:\/\/www.casa-aventura.ch\/_wp-new\/wp-json\/wp\/v2\/pages"}],"about":[{"href":"https:\/\/www.casa-aventura.ch\/_wp-new\/wp-json\/wp\/v2\/types\/page"}],"author":[{"embeddable":true,"href":"https:\/\/www.casa-aventura.ch\/_wp-new\/wp-json\/wp\/v2\/users\/1"}],"replies":[{"embeddable":true,"href":"https:\/\/www.casa-aventura.ch\/_wp-new\/wp-json\/wp\/v2\/comments?post=21"}],"version-history":[{"count":2,"href":"https:\/\/www.casa-aventura.ch\/_wp-new\/wp-json\/wp\/v2\/pages\/21\/revisions"}],"predecessor-version":[{"id":389,"href":"https:\/\/www.casa-aventura.ch\/_wp-new\/wp-json\/wp\/v2\/pages\/21\/revisions\/389"}],"wp:featuredmedia":[{"embeddable":true,"href":"https:\/\/www.casa-aventura.ch\/_wp-new\/wp-json\/wp\/v2\/media\/188"}],"wp:attachment":[{"href":"https:\/\/www.casa-aventura.ch\/_wp-new\/wp-json\/wp\/v2\/media?parent=21"}],"curies":[{"name":"wp","href":"https:\/\/api.w.org\/{rel}","templated":true}]}}