{"id":10,"date":"2022-03-27T17:34:29","date_gmt":"2022-03-27T15:34:29","guid":{"rendered":"https:\/\/www.casa-aventura.ch\/_wp-new\/?page_id=10"},"modified":"2022-09-29T19:22:11","modified_gmt":"2022-09-29T17:22:11","slug":"willkommen-in-casa-aventura","status":"publish","type":"page","link":"https:\/\/www.casa-aventura.ch\/_wp-new\/","title":{"rendered":"Willkommen in\u00a0Casa Aventura"},"content":{"rendered":"\n<p>Unser spanisches Chalet&nbsp;liegt in Montemar\/Benissa, in der N\u00e4he des gem\u00fctlichen Fischerdorf&nbsp;Moraira (4 km). Ein besonderer Touristenmagnet ist der Freitagsmarkt im Zentrum. In Moraira k\u00f6nnen Sie auch den feinen,&nbsp;mit Liegest\u00fchlen ausgestatteten Sandstrand l&#8217;Ampolla besuchen oder ein Erfrischungsgetr\u00e4nk mit&nbsp;einem leckeren&nbsp;Mittagessen in einem der Strandrestaurants genie\u00dfen.<\/p>\n\n\n\n<p>Ganz in der N\u00e4he von unserem Haus:&nbsp;Supermarkt 2.5 km, Restaurant 1.5 km, Bar 1.5 km, Sandstrand 5 km, Badebucht 2.5 km.<\/p>\n\n\n\n<p>Nahe gelegene Sehensw\u00fcrdigkeiten: Guadalest, Fonts de l&#8217;Algar,&nbsp;Aqualandia, Mundomar, Terra M\u00edtica, Terra Natura, y Benidorm Palace (Benidorm)<\/p>\n\n\n\n<p>Sportfreunde finden in der Umgebung diverse 9- und 18-Loch-Golfbahnen. Die n\u00e4chste Golfbahn ist die von Ifach (4 km), eine sch\u00f6n gelegene und gut gepflegte Golfanlage.<\/p>\n\n\n\n<h2 class=\"wp-block-heading\">Garten<\/h2>\n\n\n\n<p>Der Garten besitzt eine Pergola mit Grillplatz, einen Swimming-pool (L\u00e4nge 4m x Breite 8m; Tiefe 1.20m &#8211; 1.90m) sowie eine Liegeterrasse mit Aussendusche<\/p>\n\n\n\n<figure class=\"wp-block-gallery has-nested-images columns-default is-cropped wp-block-gallery-1 is-layout-flex wp-block-gallery-is-layout-flex\">\n<figure class=\"wp-block-image size-large\"><img loading=\"lazy\" decoding=\"async\" width=\"1024\" height=\"576\" data-id=\"341\" src=\"https:\/\/www.casa-aventura.ch\/_wp-new\/wp-content\/uploads\/2022\/08\/0ba09d61-9de5-4726-8964-c17447a8f01d-1024x576.jpg\" alt=\"\" class=\"wp-image-341\" srcset=\"https:\/\/www.casa-aventura.ch\/_wp-new\/wp-content\/uploads\/2022\/08\/0ba09d61-9de5-4726-8964-c17447a8f01d-1024x576.jpg 1024w, https:\/\/www.casa-aventura.ch\/_wp-new\/wp-content\/uploads\/2022\/08\/0ba09d61-9de5-4726-8964-c17447a8f01d-300x169.jpg 300w, https:\/\/www.casa-aventura.ch\/_wp-new\/wp-content\/uploads\/2022\/08\/0ba09d61-9de5-4726-8964-c17447a8f01d-768x432.jpg 768w, https:\/\/www.casa-aventura.ch\/_wp-new\/wp-content\/uploads\/2022\/08\/0ba09d61-9de5-4726-8964-c17447a8f01d-1536x864.jpg 1536w, https:\/\/www.casa-aventura.ch\/_wp-new\/wp-content\/uploads\/2022\/08\/0ba09d61-9de5-4726-8964-c17447a8f01d-500x281.jpg 500w, https:\/\/www.casa-aventura.ch\/_wp-new\/wp-content\/uploads\/2022\/08\/0ba09d61-9de5-4726-8964-c17447a8f01d.jpg 2048w\" sizes=\"auto, (max-width: 1024px) 100vw, 1024px\" \/><\/figure>\n\n\n\n<figure class=\"wp-block-image size-large\"><img loading=\"lazy\" decoding=\"async\" width=\"1024\" height=\"576\" data-id=\"340\" src=\"https:\/\/www.casa-aventura.ch\/_wp-new\/wp-content\/uploads\/2022\/08\/8b75d7b7-4390-420f-92fe-ba947ae7ff55-1024x576.jpg\" alt=\"\" class=\"wp-image-340\" srcset=\"https:\/\/www.casa-aventura.ch\/_wp-new\/wp-content\/uploads\/2022\/08\/8b75d7b7-4390-420f-92fe-ba947ae7ff55-1024x576.jpg 1024w, https:\/\/www.casa-aventura.ch\/_wp-new\/wp-content\/uploads\/2022\/08\/8b75d7b7-4390-420f-92fe-ba947ae7ff55-300x169.jpg 300w, https:\/\/www.casa-aventura.ch\/_wp-new\/wp-content\/uploads\/2022\/08\/8b75d7b7-4390-420f-92fe-ba947ae7ff55-768x432.jpg 768w, https:\/\/www.casa-aventura.ch\/_wp-new\/wp-content\/uploads\/2022\/08\/8b75d7b7-4390-420f-92fe-ba947ae7ff55-1536x864.jpg 1536w, https:\/\/www.casa-aventura.ch\/_wp-new\/wp-content\/uploads\/2022\/08\/8b75d7b7-4390-420f-92fe-ba947ae7ff55-500x281.jpg 500w, https:\/\/www.casa-aventura.ch\/_wp-new\/wp-content\/uploads\/2022\/08\/8b75d7b7-4390-420f-92fe-ba947ae7ff55.jpg 2048w\" sizes=\"auto, (max-width: 1024px) 100vw, 1024px\" \/><\/figure>\n\n\n\n<figure class=\"wp-block-image size-large\"><img loading=\"lazy\" decoding=\"async\" width=\"1024\" height=\"768\" data-id=\"342\" src=\"https:\/\/www.casa-aventura.ch\/_wp-new\/wp-content\/uploads\/2022\/08\/DSC03670-1024x768.jpg\" alt=\"\" class=\"wp-image-342\" srcset=\"https:\/\/www.casa-aventura.ch\/_wp-new\/wp-content\/uploads\/2022\/08\/DSC03670-1024x768.jpg 1024w, https:\/\/www.casa-aventura.ch\/_wp-new\/wp-content\/uploads\/2022\/08\/DSC03670-300x225.jpg 300w, https:\/\/www.casa-aventura.ch\/_wp-new\/wp-content\/uploads\/2022\/08\/DSC03670-768x576.jpg 768w, https:\/\/www.casa-aventura.ch\/_wp-new\/wp-content\/uploads\/2022\/08\/DSC03670-1536x1152.jpg 1536w, https:\/\/www.casa-aventura.ch\/_wp-new\/wp-content\/uploads\/2022\/08\/DSC03670-2048x1536.jpg 2048w, https:\/\/www.casa-aventura.ch\/_wp-new\/wp-content\/uploads\/2022\/08\/DSC03670-400x300.jpg 400w\" sizes=\"auto, (max-width: 1024px) 100vw, 1024px\" \/><\/figure>\n\n\n\n<figure class=\"wp-block-image size-large\"><img loading=\"lazy\" decoding=\"async\" width=\"1024\" height=\"576\" data-id=\"339\" src=\"https:\/\/www.casa-aventura.ch\/_wp-new\/wp-content\/uploads\/2022\/08\/04b33f62-a0a6-442d-a140-378d8b8c6811-1024x576.jpg\" alt=\"\" class=\"wp-image-339\" srcset=\"https:\/\/www.casa-aventura.ch\/_wp-new\/wp-content\/uploads\/2022\/08\/04b33f62-a0a6-442d-a140-378d8b8c6811-1024x576.jpg 1024w, https:\/\/www.casa-aventura.ch\/_wp-new\/wp-content\/uploads\/2022\/08\/04b33f62-a0a6-442d-a140-378d8b8c6811-300x169.jpg 300w, https:\/\/www.casa-aventura.ch\/_wp-new\/wp-content\/uploads\/2022\/08\/04b33f62-a0a6-442d-a140-378d8b8c6811-768x432.jpg 768w, https:\/\/www.casa-aventura.ch\/_wp-new\/wp-content\/uploads\/2022\/08\/04b33f62-a0a6-442d-a140-378d8b8c6811-1536x864.jpg 1536w, https:\/\/www.casa-aventura.ch\/_wp-new\/wp-content\/uploads\/2022\/08\/04b33f62-a0a6-442d-a140-378d8b8c6811-500x281.jpg 500w, https:\/\/www.casa-aventura.ch\/_wp-new\/wp-content\/uploads\/2022\/08\/04b33f62-a0a6-442d-a140-378d8b8c6811.jpg 2048w\" sizes=\"auto, (max-width: 1024px) 100vw, 1024px\" \/><\/figure>\n<\/figure>\n\n\n\n<h2 class=\"wp-block-heading\">Wohnzimmer<\/h2>\n\n\n\n<p>Wohnzimmer mit Kamin, Wohnsitzgruppe, Sat-TV&nbsp; (inkl. Deutsche Sender)<\/p>\n\n\n\n<figure class=\"wp-block-gallery has-nested-images columns-default is-cropped wp-block-gallery-2 is-layout-flex wp-block-gallery-is-layout-flex\">\n<figure class=\"wp-block-image size-large\"><img loading=\"lazy\" decoding=\"async\" width=\"768\" height=\"1024\" data-id=\"345\" src=\"https:\/\/www.casa-aventura.ch\/_wp-new\/wp-content\/uploads\/2022\/08\/IMG-20191010-WA0025-768x1024.jpg\" alt=\"\" class=\"wp-image-345\" srcset=\"https:\/\/www.casa-aventura.ch\/_wp-new\/wp-content\/uploads\/2022\/08\/IMG-20191010-WA0025-768x1024.jpg 768w, https:\/\/www.casa-aventura.ch\/_wp-new\/wp-content\/uploads\/2022\/08\/IMG-20191010-WA0025-225x300.jpg 225w, https:\/\/www.casa-aventura.ch\/_wp-new\/wp-content\/uploads\/2022\/08\/IMG-20191010-WA0025-1152x1536.jpg 1152w, https:\/\/www.casa-aventura.ch\/_wp-new\/wp-content\/uploads\/2022\/08\/IMG-20191010-WA0025.jpg 1522w\" sizes=\"auto, (max-width: 768px) 100vw, 768px\" \/><\/figure>\n\n\n\n<figure class=\"wp-block-image size-large\"><img loading=\"lazy\" decoding=\"async\" width=\"768\" height=\"1024\" data-id=\"346\" src=\"https:\/\/www.casa-aventura.ch\/_wp-new\/wp-content\/uploads\/2022\/08\/IMG_0870-768x1024.jpg\" alt=\"\" class=\"wp-image-346\" srcset=\"https:\/\/www.casa-aventura.ch\/_wp-new\/wp-content\/uploads\/2022\/08\/IMG_0870-768x1024.jpg 768w, https:\/\/www.casa-aventura.ch\/_wp-new\/wp-content\/uploads\/2022\/08\/IMG_0870-225x300.jpg 225w, https:\/\/www.casa-aventura.ch\/_wp-new\/wp-content\/uploads\/2022\/08\/IMG_0870-1152x1536.jpg 1152w, https:\/\/www.casa-aventura.ch\/_wp-new\/wp-content\/uploads\/2022\/08\/IMG_0870-1536x2048.jpg 1536w, https:\/\/www.casa-aventura.ch\/_wp-new\/wp-content\/uploads\/2022\/08\/IMG_0870-scaled.jpg 1920w\" sizes=\"auto, (max-width: 768px) 100vw, 768px\" \/><\/figure>\n<\/figure>\n\n\n\n<h2 class=\"wp-block-heading\">Esszimmer \/ Wintergarten<\/h2>\n\n\n\n<p>Das Esszimmer befindet sich im Wintergarten und ist daher getrennt vom Wohnzimmer. Zudem bietet es Ausblick auf den Garten und Pool<\/p>\n\n\n\n<figure class=\"wp-block-gallery has-nested-images columns-default is-cropped wp-block-gallery-3 is-layout-flex wp-block-gallery-is-layout-flex\">\n<figure class=\"wp-block-image size-large\"><img loading=\"lazy\" decoding=\"async\" width=\"1024\" height=\"768\" data-id=\"391\" src=\"https:\/\/www.casa-aventura.ch\/_wp-new\/wp-content\/uploads\/2022\/09\/Esszimmer_Gaestebuch-1024x768.jpg\" alt=\"\" class=\"wp-image-391\" srcset=\"https:\/\/www.casa-aventura.ch\/_wp-new\/wp-content\/uploads\/2022\/09\/Esszimmer_Gaestebuch-1024x768.jpg 1024w, https:\/\/www.casa-aventura.ch\/_wp-new\/wp-content\/uploads\/2022\/09\/Esszimmer_Gaestebuch-300x225.jpg 300w, https:\/\/www.casa-aventura.ch\/_wp-new\/wp-content\/uploads\/2022\/09\/Esszimmer_Gaestebuch-768x576.jpg 768w, https:\/\/www.casa-aventura.ch\/_wp-new\/wp-content\/uploads\/2022\/09\/Esszimmer_Gaestebuch-1536x1152.jpg 1536w, https:\/\/www.casa-aventura.ch\/_wp-new\/wp-content\/uploads\/2022\/09\/Esszimmer_Gaestebuch-2048x1536.jpg 2048w, https:\/\/www.casa-aventura.ch\/_wp-new\/wp-content\/uploads\/2022\/09\/Esszimmer_Gaestebuch-400x300.jpg 400w\" sizes=\"auto, (max-width: 1024px) 100vw, 1024px\" \/><\/figure>\n\n\n\n<figure class=\"wp-block-image size-large\"><img loading=\"lazy\" decoding=\"async\" width=\"1024\" height=\"576\" data-id=\"347\" src=\"https:\/\/www.casa-aventura.ch\/_wp-new\/wp-content\/uploads\/2022\/08\/50e9605e-d0da-4111-ac19-29548505e848-1024x576.jpg\" alt=\"\" class=\"wp-image-347\" srcset=\"https:\/\/www.casa-aventura.ch\/_wp-new\/wp-content\/uploads\/2022\/08\/50e9605e-d0da-4111-ac19-29548505e848-1024x576.jpg 1024w, https:\/\/www.casa-aventura.ch\/_wp-new\/wp-content\/uploads\/2022\/08\/50e9605e-d0da-4111-ac19-29548505e848-300x169.jpg 300w, https:\/\/www.casa-aventura.ch\/_wp-new\/wp-content\/uploads\/2022\/08\/50e9605e-d0da-4111-ac19-29548505e848-768x432.jpg 768w, https:\/\/www.casa-aventura.ch\/_wp-new\/wp-content\/uploads\/2022\/08\/50e9605e-d0da-4111-ac19-29548505e848-1536x864.jpg 1536w, https:\/\/www.casa-aventura.ch\/_wp-new\/wp-content\/uploads\/2022\/08\/50e9605e-d0da-4111-ac19-29548505e848-500x281.jpg 500w, https:\/\/www.casa-aventura.ch\/_wp-new\/wp-content\/uploads\/2022\/08\/50e9605e-d0da-4111-ac19-29548505e848.jpg 2048w\" sizes=\"auto, (max-width: 1024px) 100vw, 1024px\" \/><\/figure>\n<\/figure>\n\n\n\n<h2 class=\"wp-block-heading\">K\u00fcche<\/h2>\n\n\n\n<p>Die K\u00fcche ist komplett ausgestattet mit: Kaffeemaschine, Backofen, Toaster, K\u00fchlschrank, Gasherd mit 4 Kochzonen<\/p>\n\n\n\n<figure class=\"wp-block-gallery has-nested-images columns-default is-cropped wp-block-gallery-4 is-layout-flex wp-block-gallery-is-layout-flex\">\n<figure class=\"wp-block-image size-large\"><img loading=\"lazy\" decoding=\"async\" width=\"768\" height=\"1024\" data-id=\"392\" src=\"https:\/\/www.casa-aventura.ch\/_wp-new\/wp-content\/uploads\/2022\/09\/Kueche_Neu-768x1024.jpg\" alt=\"\" class=\"wp-image-392\" srcset=\"https:\/\/www.casa-aventura.ch\/_wp-new\/wp-content\/uploads\/2022\/09\/Kueche_Neu-768x1024.jpg 768w, https:\/\/www.casa-aventura.ch\/_wp-new\/wp-content\/uploads\/2022\/09\/Kueche_Neu-225x300.jpg 225w, https:\/\/www.casa-aventura.ch\/_wp-new\/wp-content\/uploads\/2022\/09\/Kueche_Neu-1152x1536.jpg 1152w, https:\/\/www.casa-aventura.ch\/_wp-new\/wp-content\/uploads\/2022\/09\/Kueche_Neu.jpg 1200w\" sizes=\"auto, (max-width: 768px) 100vw, 768px\" \/><\/figure>\n\n\n\n<figure class=\"wp-block-image size-large\"><img loading=\"lazy\" decoding=\"async\" width=\"768\" height=\"1024\" data-id=\"350\" src=\"https:\/\/www.casa-aventura.ch\/_wp-new\/wp-content\/uploads\/2022\/08\/IMG_8197-768x1024.jpg\" alt=\"\" class=\"wp-image-350\" srcset=\"https:\/\/www.casa-aventura.ch\/_wp-new\/wp-content\/uploads\/2022\/08\/IMG_8197-768x1024.jpg 768w, https:\/\/www.casa-aventura.ch\/_wp-new\/wp-content\/uploads\/2022\/08\/IMG_8197-225x300.jpg 225w, https:\/\/www.casa-aventura.ch\/_wp-new\/wp-content\/uploads\/2022\/08\/IMG_8197.jpg 1152w\" sizes=\"auto, (max-width: 768px) 100vw, 768px\" \/><\/figure>\n<\/figure>\n\n\n\n<h2 class=\"wp-block-heading\">Schlafzimmer<\/h2>\n\n\n\n<p>Die 3 Schlafzimmer bieten Platz f\u00fcr 6 Personen. Wobei ein Doppelbett, ein franz\u00f6sisches Bett und im dritten Zimmer ein&nbsp;Bettsofa steht.<\/p>\n\n\n\n<figure class=\"wp-block-gallery has-nested-images columns-default is-cropped wp-block-gallery-5 is-layout-flex wp-block-gallery-is-layout-flex\">\n<figure class=\"wp-block-image size-large\"><img loading=\"lazy\" decoding=\"async\" width=\"768\" height=\"1024\" data-id=\"394\" src=\"https:\/\/www.casa-aventura.ch\/_wp-new\/wp-content\/uploads\/2022\/09\/Schlafzimmer_1_neu-768x1024.jpg\" alt=\"\" class=\"wp-image-394\" srcset=\"https:\/\/www.casa-aventura.ch\/_wp-new\/wp-content\/uploads\/2022\/09\/Schlafzimmer_1_neu-768x1024.jpg 768w, https:\/\/www.casa-aventura.ch\/_wp-new\/wp-content\/uploads\/2022\/09\/Schlafzimmer_1_neu-225x300.jpg 225w, https:\/\/www.casa-aventura.ch\/_wp-new\/wp-content\/uploads\/2022\/09\/Schlafzimmer_1_neu-1152x1536.jpg 1152w, https:\/\/www.casa-aventura.ch\/_wp-new\/wp-content\/uploads\/2022\/09\/Schlafzimmer_1_neu.jpg 1522w\" sizes=\"auto, (max-width: 768px) 100vw, 768px\" \/><\/figure>\n\n\n\n<figure class=\"wp-block-image size-large\"><img loading=\"lazy\" decoding=\"async\" width=\"768\" height=\"1024\" data-id=\"352\" src=\"https:\/\/www.casa-aventura.ch\/_wp-new\/wp-content\/uploads\/2022\/08\/IMG-20191010-WA0033-768x1024.jpg\" alt=\"\" class=\"wp-image-352\" srcset=\"https:\/\/www.casa-aventura.ch\/_wp-new\/wp-content\/uploads\/2022\/08\/IMG-20191010-WA0033-768x1024.jpg 768w, https:\/\/www.casa-aventura.ch\/_wp-new\/wp-content\/uploads\/2022\/08\/IMG-20191010-WA0033-225x300.jpg 225w, https:\/\/www.casa-aventura.ch\/_wp-new\/wp-content\/uploads\/2022\/08\/IMG-20191010-WA0033-1152x1536.jpg 1152w, https:\/\/www.casa-aventura.ch\/_wp-new\/wp-content\/uploads\/2022\/08\/IMG-20191010-WA0033.jpg 1522w\" sizes=\"auto, (max-width: 768px) 100vw, 768px\" \/><\/figure>\n\n\n\n<figure class=\"wp-block-image size-large\"><img loading=\"lazy\" decoding=\"async\" width=\"768\" height=\"1024\" data-id=\"396\" src=\"https:\/\/www.casa-aventura.ch\/_wp-new\/wp-content\/uploads\/2022\/09\/bett_sofa.jpg\" alt=\"\" class=\"wp-image-396\" srcset=\"https:\/\/www.casa-aventura.ch\/_wp-new\/wp-content\/uploads\/2022\/09\/bett_sofa.jpg 768w, https:\/\/www.casa-aventura.ch\/_wp-new\/wp-content\/uploads\/2022\/09\/bett_sofa-225x300.jpg 225w\" sizes=\"auto, (max-width: 768px) 100vw, 768px\" \/><\/figure>\n<\/figure>\n\n\n\n<h2 class=\"wp-block-heading\">Badezimmer<\/h2>\n\n\n\n<p>Die beiden Badezimmer sind jeweils mit einem eigenen WC ausgestattet und haben zus\u00e4tzlich noch eine Badewanne oder Dusche.<\/p>\n\n\n\n<figure class=\"wp-block-gallery has-nested-images columns-default is-cropped wp-block-gallery-6 is-layout-flex wp-block-gallery-is-layout-flex\">\n<figure class=\"wp-block-image size-large\"><img loading=\"lazy\" decoding=\"async\" width=\"768\" height=\"1024\" data-id=\"353\" src=\"https:\/\/www.casa-aventura.ch\/_wp-new\/wp-content\/uploads\/2022\/08\/DSC03845.1-768x1024.jpg\" alt=\"\" class=\"wp-image-353\" srcset=\"https:\/\/www.casa-aventura.ch\/_wp-new\/wp-content\/uploads\/2022\/08\/DSC03845.1-768x1024.jpg 768w, https:\/\/www.casa-aventura.ch\/_wp-new\/wp-content\/uploads\/2022\/08\/DSC03845.1-225x300.jpg 225w, https:\/\/www.casa-aventura.ch\/_wp-new\/wp-content\/uploads\/2022\/08\/DSC03845.1-1152x1536.jpg 1152w, https:\/\/www.casa-aventura.ch\/_wp-new\/wp-content\/uploads\/2022\/08\/DSC03845.1-1536x2048.jpg 1536w, https:\/\/www.casa-aventura.ch\/_wp-new\/wp-content\/uploads\/2022\/08\/DSC03845.1-scaled.jpg 1920w\" sizes=\"auto, (max-width: 768px) 100vw, 768px\" \/><\/figure>\n\n\n\n<figure class=\"wp-block-image size-large\"><img loading=\"lazy\" decoding=\"async\" width=\"1024\" height=\"768\" data-id=\"354\" src=\"https:\/\/www.casa-aventura.ch\/_wp-new\/wp-content\/uploads\/2022\/08\/DSC03840-1024x768.jpg\" alt=\"\" class=\"wp-image-354\" srcset=\"https:\/\/www.casa-aventura.ch\/_wp-new\/wp-content\/uploads\/2022\/08\/DSC03840-1024x768.jpg 1024w, https:\/\/www.casa-aventura.ch\/_wp-new\/wp-content\/uploads\/2022\/08\/DSC03840-300x225.jpg 300w, https:\/\/www.casa-aventura.ch\/_wp-new\/wp-content\/uploads\/2022\/08\/DSC03840-768x576.jpg 768w, https:\/\/www.casa-aventura.ch\/_wp-new\/wp-content\/uploads\/2022\/08\/DSC03840-1536x1152.jpg 1536w, https:\/\/www.casa-aventura.ch\/_wp-new\/wp-content\/uploads\/2022\/08\/DSC03840-2048x1536.jpg 2048w, https:\/\/www.casa-aventura.ch\/_wp-new\/wp-content\/uploads\/2022\/08\/DSC03840-400x300.jpg 400w\" sizes=\"auto, (max-width: 1024px) 100vw, 1024px\" \/><\/figure>\n<\/figure>\n\n\n\n<h2 class=\"wp-block-heading\">Restliche Ausstattung<\/h2>\n\n\n\n<p>Das Haus besitzt Frottierw\u00e4sche und Strandt\u00fccher.<br>Zus\u00e4tzlich ist eine Waschmaschine im Keller sowie eine W\u00e4schezeine im Garten vorhanden.<\/p>\n\n\n\n<p>Im Haus hat es eine Klimaanlage welche im Sommer k\u00fchlt und im Winter heizt.<\/p>\n\n\n\n<h2 class=\"wp-block-heading\">Internet \/ Wlan<\/h2>\n\n\n\n<p>Das Haus verf\u00fcgt \u00fcber WLAN und Internet.<br>Ein kleiner Arbeitsplatz (Schreibtisch, Monitor, Maus, Tastatur) befindet sich im kleinen Zimmer mit dem Bettsofa. Dieser kann f\u00fcr Home-Office genutzt werden.<\/p>\n\n\n\n<figure class=\"wp-block-gallery has-nested-images columns-default is-cropped wp-block-gallery-7 is-layout-flex wp-block-gallery-is-layout-flex\">\n<figure class=\"wp-block-image size-large\"><img loading=\"lazy\" decoding=\"async\" width=\"576\" height=\"1024\" data-id=\"357\" src=\"https:\/\/www.casa-aventura.ch\/_wp-new\/wp-content\/uploads\/2022\/08\/Arbeitsplatz1-1-576x1024.jpeg\" alt=\"\" class=\"wp-image-357\" srcset=\"https:\/\/www.casa-aventura.ch\/_wp-new\/wp-content\/uploads\/2022\/08\/Arbeitsplatz1-1-576x1024.jpeg 576w, https:\/\/www.casa-aventura.ch\/_wp-new\/wp-content\/uploads\/2022\/08\/Arbeitsplatz1-1-169x300.jpeg 169w, https:\/\/www.casa-aventura.ch\/_wp-new\/wp-content\/uploads\/2022\/08\/Arbeitsplatz1-1-768x1365.jpeg 768w, https:\/\/www.casa-aventura.ch\/_wp-new\/wp-content\/uploads\/2022\/08\/Arbeitsplatz1-1-864x1536.jpeg 864w, https:\/\/www.casa-aventura.ch\/_wp-new\/wp-content\/uploads\/2022\/08\/Arbeitsplatz1-1.jpeg 1134w\" sizes=\"auto, (max-width: 576px) 100vw, 576px\" \/><\/figure>\n\n\n\n<figure class=\"wp-block-image size-large\"><img loading=\"lazy\" decoding=\"async\" width=\"576\" height=\"1024\" data-id=\"358\" src=\"https:\/\/www.casa-aventura.ch\/_wp-new\/wp-content\/uploads\/2022\/08\/Arbeitsplatz2-1-576x1024.jpeg\" alt=\"\" class=\"wp-image-358\" srcset=\"https:\/\/www.casa-aventura.ch\/_wp-new\/wp-content\/uploads\/2022\/08\/Arbeitsplatz2-1-576x1024.jpeg 576w, https:\/\/www.casa-aventura.ch\/_wp-new\/wp-content\/uploads\/2022\/08\/Arbeitsplatz2-1-169x300.jpeg 169w, https:\/\/www.casa-aventura.ch\/_wp-new\/wp-content\/uploads\/2022\/08\/Arbeitsplatz2-1-768x1365.jpeg 768w, https:\/\/www.casa-aventura.ch\/_wp-new\/wp-content\/uploads\/2022\/08\/Arbeitsplatz2-1-864x1536.jpeg 864w, https:\/\/www.casa-aventura.ch\/_wp-new\/wp-content\/uploads\/2022\/08\/Arbeitsplatz2-1.jpeg 1134w\" sizes=\"auto, (max-width: 576px) 100vw, 576px\" \/><\/figure>\n<\/figure>\n\n\n\n<h2 class=\"wp-block-heading\">Extras<\/h2>\n\n\n\n<ul class=\"wp-block-list\"><li>Wohnungsreinigung m\u00f6glich<\/li><li>Langzeitmiete m\u00f6glich<\/li><li>Haustiere nicht erlaubt<\/li><li>PKW empfehlenswert, Garage f\u00fcr 1 PKW vorhanden<\/li><\/ul>\n","protected":false},"excerpt":{"rendered":"<p>Unser spanisches Chalet&nbsp;liegt in Montemar\/Benissa, in der N\u00e4he des gem\u00fctlichen Fischerdorf&nbsp;Moraira (4 km). Ein besonderer Touristenmagnet ist der Freitagsmarkt im Zentrum. In Moraira k\u00f6nnen Sie auch den feinen,&nbsp;mit Liegest\u00fchlen ausgestatteten Sandstrand l&#8217;Ampolla besuchen oder ein Erfrischungsgetr\u00e4nk mit&nbsp;einem leckeren&nbsp;Mittagessen in einem &hellip; <a href=\"https:\/\/www.casa-aventura.ch\/_wp-new\/\">Weiterlesen <span class=\"meta-nav\">&rarr;<\/span><\/a><\/p>\n","protected":false},"author":1,"featured_media":185,"parent":0,"menu_order":0,"comment_status":"closed","ping_status":"closed","template":"","meta":{"ngg_post_thumbnail":0,"footnotes":""},"class_list":["post-10","page","type-page","status-publish","has-post-thumbnail","hentry"],"_links":{"self":[{"href":"https:\/\/www.casa-aventura.ch\/_wp-new\/wp-json\/wp\/v2\/pages\/10","targetHints":{"allow":["GET"]}}],"collection":[{"href":"https:\/\/www.casa-aventura.ch\/_wp-new\/wp-json\/wp\/v2\/pages"}],"about":[{"href":"https:\/\/www.casa-aventura.ch\/_wp-new\/wp-json\/wp\/v2\/types\/page"}],"author":[{"embeddable":true,"href":"https:\/\/www.casa-aventura.ch\/_wp-new\/wp-json\/wp\/v2\/users\/1"}],"replies":[{"embeddable":true,"href":"https:\/\/www.casa-aventura.ch\/_wp-new\/wp-json\/wp\/v2\/comments?post=10"}],"version-history":[{"count":12,"href":"https:\/\/www.casa-aventura.ch\/_wp-new\/wp-json\/wp\/v2\/pages\/10\/revisions"}],"predecessor-version":[{"id":397,"href":"https:\/\/www.casa-aventura.ch\/_wp-new\/wp-json\/wp\/v2\/pages\/10\/revisions\/397"}],"wp:featuredmedia":[{"embeddable":true,"href":"https:\/\/www.casa-aventura.ch\/_wp-new\/wp-json\/wp\/v2\/media\/185"}],"wp:attachment":[{"href":"https:\/\/www.casa-aventura.ch\/_wp-new\/wp-json\/wp\/v2\/media?parent=10"}],"curies":[{"name":"wp","href":"https:\/\/api.w.org\/{rel}","templated":true}]}}